{"id":9879,"date":"2025-01-08T08:58:32","date_gmt":"2025-01-08T07:58:32","guid":{"rendered":"http:\/\/wordpress.feuerwehr-helmstedt.de\/?page_id=9879"},"modified":"2025-08-17T11:18:25","modified_gmt":"2025-08-17T09:18:25","slug":"einsatzabteilung-bueddenstedt","status":"publish","type":"page","link":"https:\/\/feuerwehr-helmstedt.de\/?page_id=9879","title":{"rendered":"Einsatzabteilung B\u00fcddenstedt"},"content":{"rendered":"\n<p><em>Komm mach mit!<\/em>&nbsp;Wenn du Interesse hast bei der Feuerwehr im Einsatzdienst mitzumachen. Dann schau doch einfach mal bei uns vorbei, nehme am Dienst teil und entscheide, ob du mitmachen willst.&nbsp;Schreib uns gerne vorab eine E-Mail, so dass wir alles weitere besprechen k\u00f6nnen.<\/p>\n\n\n\n<p><strong>Um Mitglied in der Einsatzabteilung zu werden, solltest du:<br><\/strong>&#8211; mindestens 16 Jahre sein<br>&#8211; Donnerstags ab 18:30 Uhr Zeit haben<br>&#8211; Interesse an der Feuerwehr haben<br>&#8211; Teamgeist besitzen<\/p>\n\n\n\n<p><strong>Wann und wo findet die Feuerwehr statt?<br><\/strong>Wir treffen uns immer Donnerstags in der Feuerwehr. Dienstzeit ist ab 18:30 Uhr bis ca. 21:00 Uhr. Du findest uns in der Wulfersdorfer Stra\u00dfe 18 B\u00fcddenstedt.<\/p>\n\n\n\n<p><strong>Kontakt zur Ortsfeuerwehr B\u00fcddenstedt<br><\/strong>Wulfersdorfer Stra\u00dfe 18 <br>38372 B\u00fcddenstedt<br>Telefon: 05352-6031 (nicht st\u00e4ndig besetzt)<br>E-Mail: Ortsbrandmeister@Feuerwehr-Bueddenstedt.de<\/p>\n\n\n\n<p><\/p>\n","protected":false},"excerpt":{"rendered":"<p>Komm mach mit!&nbsp;Wenn du Interesse hast bei der Feuerwehr im Einsatzdienst mitzumachen. Dann schau doch einfach mal bei uns vorbei, nehme am Dienst teil und entscheide, ob du mitmachen willst.&nbsp;Schreib uns gerne vorab eine E-Mail, so dass wir alles weitere <a class=\"more-link\" href=\"https:\/\/feuerwehr-helmstedt.de\/?page_id=9879\">weiterlesen&#8230;<\/a><\/p>\n","protected":false},"author":1,"featured_media":0,"parent":0,"menu_order":0,"comment_status":"closed","ping_status":"closed","template":"","meta":{"jetpack_post_was_ever_published":false,"footnotes":""},"class_list":["post-9879","page","type-page","status-publish","hentry"],"jetpack_sharing_enabled":true,"_links":{"self":[{"href":"https:\/\/feuerwehr-helmstedt.de\/index.php?rest_route=\/wp\/v2\/pages\/9879","targetHints":{"allow":["GET"]}}],"collection":[{"href":"https:\/\/feuerwehr-helmstedt.de\/index.php?rest_route=\/wp\/v2\/pages"}],"about":[{"href":"https:\/\/feuerwehr-helmstedt.de\/index.php?rest_route=\/wp\/v2\/types\/page"}],"author":[{"embeddable":true,"href":"https:\/\/feuerwehr-helmstedt.de\/index.php?rest_route=\/wp\/v2\/users\/1"}],"replies":[{"embeddable":true,"href":"https:\/\/feuerwehr-helmstedt.de\/index.php?rest_route=%2Fwp%2Fv2%2Fcomments&post=9879"}],"version-history":[{"count":9,"href":"https:\/\/feuerwehr-helmstedt.de\/index.php?rest_route=\/wp\/v2\/pages\/9879\/revisions"}],"predecessor-version":[{"id":10241,"href":"https:\/\/feuerwehr-helmstedt.de\/index.php?rest_route=\/wp\/v2\/pages\/9879\/revisions\/10241"}],"wp:attachment":[{"href":"https:\/\/feuerwehr-helmstedt.de\/index.php?rest_route=%2Fwp%2Fv2%2Fmedia&parent=9879"}],"curies":[{"name":"wp","href":"https:\/\/api.w.org\/{rel}","templated":true}]}}