{"id":9864,"date":"2025-01-03T23:44:50","date_gmt":"2025-01-03T22:44:50","guid":{"rendered":"http:\/\/wordpress.feuerwehr-helmstedt.de\/?page_id=9864"},"modified":"2025-01-03T23:45:04","modified_gmt":"2025-01-03T22:45:04","slug":"pressportal-newsfeed","status":"publish","type":"page","link":"https:\/\/feuerwehr-helmstedt.de\/?page_id=9864","title":{"rendered":"Pressportal Newsfeed"},"content":{"rendered":"<div class=\"feedzy-00f5730e763de1922d77ed5dfa4883cc feedzy-rss\"><div class=\"rss_header\"><h2><a href=\"https:\/\/www.presseportal.de\/blaulicht\/nr\/154352\" class=\"rss_title\" rel=\"noopener\">Presseportal.de &#8211; Feuerwehr Helmstedt<\/a> <span class=\"rss_description\"> Portal f\u00fcr aktuelle Presseinformationen von diversen Polizeistationen in Deutschland<\/span><\/h2><\/div><ul><li  style=\"padding: 15px 0 25px\" class=\"rss_item\"><div class=\"rss_image\" style=\"height:150px;width:150px;\"><a href=\"https:\/\/www.presseportal.de\/blaulicht\/pm\/154352\/6255424\" target=\"_blank\" rel=\" noopener\" title=\"FW Helmstedt: Brennt Transformatorenhaus\" style=\"height:150px;width:150px;\"><img decoding=\"async\" src=\"https:\/\/cache.pressmailing.net\/thumbnail\/story_small\/81ef913d-8c87-4e6e-af36-9130b38ebe53\/IMG_8302.jpeg\" title=\"FW Helmstedt: Brennt Transformatorenhaus\" style=\"height:150px;width:150px;\"><\/a><\/div><span class=\"title\"><a href=\"https:\/\/www.presseportal.de\/blaulicht\/pm\/154352\/6255424\" target=\"_blank\" rel=\" noopener\">FW Helmstedt: Brennt Transformatorenhaus<\/a><\/span><div class=\"rss_content\" style=\"\"><small>von <a href=\"\/\/www.presseportal.de\" target=\"_blank\" title=\"www.presseportal.de\">info@presseportal.de (presseportal.de)<\/a> am 14. April 2026 um 16:44 <\/small><p>Helmstedt (ots) &#8211; 14.04.2026, 17:12 Uhr. Kantstra\u00dfe, Helmstedt. Gemeldet wurde ein brennendes Trafohaus im Bereich der Kantstra\u00dfe\/ Elzweg. Vor Ort best\u00e4tigte sich die Meldung, offene Flammen waren nicht sichtbar, jedoch waren deutliche &#8230;<\/p><\/div><\/li><li  style=\"padding: 15px 0 25px\" class=\"rss_item\"><div class=\"rss_image\" style=\"height:150px;width:150px;\"><a href=\"https:\/\/www.presseportal.de\/blaulicht\/pm\/154352\/6253674\" target=\"_blank\" rel=\" noopener\" title=\"FW Helmstedt: Jahreshauptversammlung Ortsfeuerwehr Helmstedt\" style=\"height:150px;width:150px;\"><img decoding=\"async\" src=\"https:\/\/cache.pressmailing.net\/thumbnail\/story_small\/2afe9d9a-7540-4be3-acb8-42da8127acec\/20260411_Begr%C3%BC%C3%9Fung_JHV.JPG\" title=\"FW Helmstedt: Jahreshauptversammlung Ortsfeuerwehr Helmstedt\" style=\"height:150px;width:150px;\"><\/a><\/div><span class=\"title\"><a href=\"https:\/\/www.presseportal.de\/blaulicht\/pm\/154352\/6253674\" target=\"_blank\" rel=\" noopener\">FW Helmstedt: Jahreshauptversammlung Ortsfeuerwehr Helmstedt<\/a><\/span><div class=\"rss_content\" style=\"\"><small>von <a href=\"\/\/www.presseportal.de\" target=\"_blank\" title=\"www.presseportal.de\">info@presseportal.de (presseportal.de)<\/a> am 12. April 2026 um 11:17 <\/small><p>Helmstedt (ots) &#8211; Jahreshauptversammlung der Ortsfeuerwehr Helmstedt am 11.04.2026 Ortsbrandmeister Niko Walther begr\u00fc\u00dfte zur Jahreshauptversammlung die Kameradinnen und Kameraden der Einsatzabteilung, der Kinder- und Jugendfeuerwehr sowie der &#8230;<\/p><\/div><\/li><li  style=\"padding: 15px 0 25px\" class=\"rss_item\"><div class=\"rss_image\" style=\"height:150px;width:150px;\"><a href=\"https:\/\/www.presseportal.de\/blaulicht\/pm\/154352\/6253266\" target=\"_blank\" rel=\" noopener\" title=\"FW Helmstedt: Feuer in Mehrfamilienhaus mit Menschenrettung\" style=\"height:150px;width:150px;\"><img decoding=\"async\" src=\"https:\/\/cache.pressmailing.net\/thumbnail\/story_small\/a0797e98-afee-4267-8595-c8f745f8b2dd\/IMG_8180.jpeg\" title=\"FW Helmstedt: Feuer in Mehrfamilienhaus mit Menschenrettung\" style=\"height:150px;width:150px;\"><\/a><\/div><span class=\"title\"><a href=\"https:\/\/www.presseportal.de\/blaulicht\/pm\/154352\/6253266\" target=\"_blank\" rel=\" noopener\">FW Helmstedt: Feuer in Mehrfamilienhaus mit Menschenrettung<\/a><\/span><div class=\"rss_content\" style=\"\"><small>von <a href=\"\/\/www.presseportal.de\" target=\"_blank\" title=\"www.presseportal.de\">info@presseportal.de (presseportal.de)<\/a> am 11. April 2026 um 02:57 <\/small><p>Helmstedt (ots) &#8211; 11.04.2026, 03:10 Uhr. Fechtboden, Helmstedt. Gemeldet wurde ein Zimmerbrand mit Menschenrettung im Fechtboden. Vor Ort best\u00e4tigte eine Rauchentwicklung aus einem Fenster im Erdgeschoss die Meldung. Umgehend wurde ein Trupp unter &#8230;<\/p><\/div><\/li><li  style=\"padding: 15px 0 25px\" class=\"rss_item\"><div class=\"rss_image\" style=\"height:150px;width:150px;\"><a href=\"https:\/\/www.presseportal.de\/blaulicht\/pm\/154352\/6252353\" target=\"_blank\" rel=\" noopener\" title=\"FW Helmstedt: Verkehrsunfall LKW, auslaufende Fl\u00fcssigkeiten\" style=\"height:150px;width:150px;\"><img decoding=\"async\" src=\"https:\/\/cache.pressmailing.net\/thumbnail\/story_small\/074a1312-7c35-490f-b52e-d06d70a3a4d4\/IMG_8130.jpeg\" title=\"FW Helmstedt: Verkehrsunfall LKW, auslaufende Fl\u00fcssigkeiten\" style=\"height:150px;width:150px;\"><\/a><\/div><span class=\"title\"><a href=\"https:\/\/www.presseportal.de\/blaulicht\/pm\/154352\/6252353\" target=\"_blank\" rel=\" noopener\">FW Helmstedt: Verkehrsunfall LKW, auslaufende Fl\u00fcssigkeiten<\/a><\/span><div class=\"rss_content\" style=\"\"><small>von <a href=\"\/\/www.presseportal.de\" target=\"_blank\" title=\"www.presseportal.de\">info@presseportal.de (presseportal.de)<\/a> am 9. April 2026 um 12:26 <\/small><p>Helmstedt (ots) &#8211; 09.04.2026, 09:57 Uhr. Rastst\u00e4tte Lappwald &gt; HE-Zentrum, BAB2. Gemeldet wurde ein Verkehrsunfall zwischen zwei LKW. Vor Ort kam es zu einem Auffahrunfall von zwei LKW. Dabei touchierte ein LKW die Fahrerseite des vorausfahrenden &#8230;<\/p><\/div><\/li><li  style=\"padding: 15px 0 25px\" class=\"rss_item\"><div class=\"rss_image\" style=\"height:150px;width:150px;\"><a href=\"https:\/\/www.presseportal.de\/blaulicht\/pm\/154352\/6234747\" target=\"_blank\" rel=\" noopener\" title=\"FW Helmstedt: Brand zweier Sattelauflieger\" style=\"height:150px;width:150px;\"><img decoding=\"async\" src=\"https:\/\/cache.pressmailing.net\/thumbnail\/story_small\/f3b67883-bf0d-4712-89c6-5a073a3b0c66\/IMG_7357.jpeg\" title=\"FW Helmstedt: Brand zweier Sattelauflieger\" style=\"height:150px;width:150px;\"><\/a><\/div><span class=\"title\"><a href=\"https:\/\/www.presseportal.de\/blaulicht\/pm\/154352\/6234747\" target=\"_blank\" rel=\" noopener\">FW Helmstedt: Brand zweier Sattelauflieger<\/a><\/span><div class=\"rss_content\" style=\"\"><small>von <a href=\"\/\/www.presseportal.de\" target=\"_blank\" title=\"www.presseportal.de\">info@presseportal.de (presseportal.de)<\/a> am 13. M\u00e4rz 2026 um 06:58 <\/small><p>Helmstedt (ots) &#8211; 13.03.2026, 02:49 Uhr. Am Kraftwerk, B\u00fcddenstedt. Gemeldet wurde ein brennender LKW im Bereich der Waage f\u00fcr die M\u00fcllverbrennung im Kraftwerk. Vor dem Betriebsgel\u00e4nde kam es zu einem Brand an zwei LKW. Offenbar brannte es &#8230;<\/p><\/div><\/li><\/ul> <\/div><style type=\"text\/css\" media=\"all\">.feedzy-rss .rss_item .rss_image{float:left;position:relative;border:none;text-decoration:none;max-width:100%}.feedzy-rss .rss_item .rss_image span{display:inline-block;position:absolute;width:100%;height:100%;background-position:50%;background-size:cover}.feedzy-rss .rss_item .rss_image{margin:.3em 1em 0 0;content-visibility:auto}.feedzy-rss ul{list-style:none}.feedzy-rss ul li{display:inline-block}<\/style>","protected":false},"excerpt":{"rendered":"","protected":false},"author":1,"featured_media":0,"parent":0,"menu_order":0,"comment_status":"closed","ping_status":"closed","template":"","meta":{"jetpack_post_was_ever_published":false,"footnotes":""},"class_list":["post-9864","page","type-page","status-publish","hentry"],"jetpack_sharing_enabled":true,"_links":{"self":[{"href":"https:\/\/feuerwehr-helmstedt.de\/index.php?rest_route=\/wp\/v2\/pages\/9864","targetHints":{"allow":["GET"]}}],"collection":[{"href":"https:\/\/feuerwehr-helmstedt.de\/index.php?rest_route=\/wp\/v2\/pages"}],"about":[{"href":"https:\/\/feuerwehr-helmstedt.de\/index.php?rest_route=\/wp\/v2\/types\/page"}],"author":[{"embeddable":true,"href":"https:\/\/feuerwehr-helmstedt.de\/index.php?rest_route=\/wp\/v2\/users\/1"}],"replies":[{"embeddable":true,"href":"https:\/\/feuerwehr-helmstedt.de\/index.php?rest_route=%2Fwp%2Fv2%2Fcomments&post=9864"}],"version-history":[{"count":1,"href":"https:\/\/feuerwehr-helmstedt.de\/index.php?rest_route=\/wp\/v2\/pages\/9864\/revisions"}],"predecessor-version":[{"id":9865,"href":"https:\/\/feuerwehr-helmstedt.de\/index.php?rest_route=\/wp\/v2\/pages\/9864\/revisions\/9865"}],"wp:attachment":[{"href":"https:\/\/feuerwehr-helmstedt.de\/index.php?rest_route=%2Fwp%2Fv2%2Fmedia&parent=9864"}],"curies":[{"name":"wp","href":"https:\/\/api.w.org\/{rel}","templated":true}]}}