{"id":9860,"date":"2025-01-03T23:39:51","date_gmt":"2025-01-03T22:39:51","guid":{"rendered":"http:\/\/wordpress.feuerwehr-helmstedt.de\/?page_id=9860"},"modified":"2025-08-17T11:19:20","modified_gmt":"2025-08-17T09:19:20","slug":"jugendfeuerwehr-bueddenstedt","status":"publish","type":"page","link":"https:\/\/feuerwehr-helmstedt.de\/?page_id=9860","title":{"rendered":"Jugendfeuerwehr B\u00fcddenstedt"},"content":{"rendered":"\n<p><em>Komm mach mit!<\/em>&nbsp;Wenn du Interesse hast bei der Feuerwehr im Einsatzdienst mitzumachen. Dann schau doch einfach mal bei uns vorbei, nehme am Dienst teil und entscheide, ob du mitmachen willst.&nbsp;Schreib uns gerne vorab eine E-Mail, so dass wir alles weitere besprechen k\u00f6nnen.<\/p>\n\n\n\n<p><strong>Um Mitglied in der Jugendfeuerwehr zu werden, solltest du:<br><\/strong>&#8211; zwischen 10 und 18 Jahre sein<br>&#8211; Mittwochs ab 17:00 Uhr Zeit haben<br>&#8211; Interesse an der Feuerwehr haben<br>&#8211; Teamgeist besitzen<\/p>\n\n\n\n<p><strong>Wann und wo findet Jugendfeuerwehr statt?<br><\/strong>Wir treffen uns immer Mittwochs in der Feuerwehr (au\u00dfer in den Sommer- u. Winterferien). Dienstzeit ist ab 17:00 Uhr bis ca. 19:00 Uhr. Du findest uns in der Wulfersdorfer Stra\u00dfe 18 in B\u00fcddenstedt.<\/p>\n\n\n\n<p><strong>Kontakt zur Jugendfeuerwehr B\u00fcddenstedt<br><\/strong>Wulfersdorfer Stra\u00dfe 18<br>38372 B\u00fcddenstedt<br>Tel: 05352-6031 (nicht st\u00e4ndig besetzt)<br>E-Mail:\u00a0Jugendfeuerwehr@Feuerwehr-Bueddenstedt.de<\/p>\n","protected":false},"excerpt":{"rendered":"<p>Komm mach mit!&nbsp;Wenn du Interesse hast bei der Feuerwehr im Einsatzdienst mitzumachen. Dann schau doch einfach mal bei uns vorbei, nehme am Dienst teil und entscheide, ob du mitmachen willst.&nbsp;Schreib uns gerne vorab eine E-Mail, so dass wir alles weitere <a class=\"more-link\" href=\"https:\/\/feuerwehr-helmstedt.de\/?page_id=9860\">weiterlesen&#8230;<\/a><\/p>\n","protected":false},"author":1,"featured_media":0,"parent":0,"menu_order":0,"comment_status":"closed","ping_status":"closed","template":"","meta":{"jetpack_post_was_ever_published":false,"footnotes":""},"class_list":["post-9860","page","type-page","status-publish","hentry"],"jetpack_sharing_enabled":true,"_links":{"self":[{"href":"https:\/\/feuerwehr-helmstedt.de\/index.php?rest_route=\/wp\/v2\/pages\/9860","targetHints":{"allow":["GET"]}}],"collection":[{"href":"https:\/\/feuerwehr-helmstedt.de\/index.php?rest_route=\/wp\/v2\/pages"}],"about":[{"href":"https:\/\/feuerwehr-helmstedt.de\/index.php?rest_route=\/wp\/v2\/types\/page"}],"author":[{"embeddable":true,"href":"https:\/\/feuerwehr-helmstedt.de\/index.php?rest_route=\/wp\/v2\/users\/1"}],"replies":[{"embeddable":true,"href":"https:\/\/feuerwehr-helmstedt.de\/index.php?rest_route=%2Fwp%2Fv2%2Fcomments&post=9860"}],"version-history":[{"count":7,"href":"https:\/\/feuerwehr-helmstedt.de\/index.php?rest_route=\/wp\/v2\/pages\/9860\/revisions"}],"predecessor-version":[{"id":10245,"href":"https:\/\/feuerwehr-helmstedt.de\/index.php?rest_route=\/wp\/v2\/pages\/9860\/revisions\/10245"}],"wp:attachment":[{"href":"https:\/\/feuerwehr-helmstedt.de\/index.php?rest_route=%2Fwp%2Fv2%2Fmedia&parent=9860"}],"curies":[{"name":"wp","href":"https:\/\/api.w.org\/{rel}","templated":true}]}}