{"id":9648,"date":"2024-12-29T18:30:58","date_gmt":"2024-12-29T17:30:58","guid":{"rendered":"http:\/\/wordpress.feuerwehr-helmstedt.de\/?p=9648"},"modified":"2025-12-16T13:26:19","modified_gmt":"2025-12-16T12:26:19","slug":"einsaetze-helmstedt-2","status":"publish","type":"page","link":"https:\/\/feuerwehr-helmstedt.de\/?page_id=9648","title":{"rendered":"Eins\u00e4tze Helmstedt"},"content":{"rendered":"\n<p>Einsatzstatistik von 2014 bis 2024. Das Jahr 2025 stellt nur einen Zwischenstand dar. Im Durchschnitt werden pro Jahr rund 316 Eins\u00e4tze bew\u00e4ltigt. Aufgrund der Vielzahl an Eins\u00e4tzen wird auf eine detaillierte Beschreibung verzichtet. Diese finden Sie in unserem <a href=\"https:\/\/feuerwehr-helmstedt.de\/?page_id=9864\" data-type=\"page\" data-id=\"9864\">Presseportal<\/a> und auf unseren <a href=\"https:\/\/feuerwehr-helmstedt.de\/?page_id=9914\" data-type=\"page\" data-id=\"9914\">Social Media Kan\u00e4len<\/a>.<\/p>\n\n\n<div class=\"visualizer-front-container\" id=\"chart_wrapper_visualizer-10034-1681940063\"><style type=\"text\/css\" name=\"visualizer-custom-css\" id=\"customcss-visualizer-10034\">.locker,.locker-loader{position:absolute;top:0;left:0;width:100%;height:100%}.locker{z-index:1000;opacity:.8;background-color:#fff;-ms-filter:\"progid:DXImageTransform.Microsoft.Alpha(Opacity=80)\";filter:alpha(opacity=80)}.locker-loader{z-index:1001;background:url(https:\/\/feuerwehr-helmstedt.de\/wp-content\/plugins\/visualizer\/images\/ajax-loader.gif) no-repeat center center}.dt-button{display:none!important}.visualizer-front-container.visualizer-lazy-render{content-visibility: auto;}.google-visualization-controls-categoryfilter label.google-visualization-controls-label {vertical-align: middle;}.google-visualization-controls-categoryfilter li.goog-inline-block {margin: 0 0.2em;}.google-visualization-controls-categoryfilter li {padding: 0 0.2em;}.visualizer-front-container .dataTables_scrollHeadInner{margin: 0 auto;}<\/style><div id=\"visualizer-10034-1681940063\" class=\"visualizer-front  visualizer-front-10034\"><\/div><!-- Not showing structured data for chart 10034 because title is empty --><\/div>\n\n\n\n<script>\nwindow.addEventListener(\"load\", function () {\n  if (typeof Visualizer !== 'undefined' && typeof Visualizer.init === 'function') {\n    Visualizer.init();\n  }\n});\n<\/script>\n","protected":false},"excerpt":{"rendered":"<p>Einsatzstatistik von 2014 bis 2024. Das Jahr 2025 stellt nur einen Zwischenstand dar. Im Durchschnitt werden pro Jahr rund 316 Eins\u00e4tze bew\u00e4ltigt. Aufgrund der Vielzahl an Eins\u00e4tzen wird auf eine detaillierte Beschreibung verzichtet. Diese finden Sie in unserem Presseportal und <a class=\"more-link\" href=\"https:\/\/feuerwehr-helmstedt.de\/?page_id=9648\">weiterlesen&#8230;<\/a><\/p>\n","protected":false},"author":1,"featured_media":0,"parent":0,"menu_order":0,"comment_status":"closed","ping_status":"closed","template":"","meta":{"jetpack_post_was_ever_published":false,"footnotes":""},"class_list":["post-9648","page","type-page","status-publish","hentry"],"jetpack_sharing_enabled":true,"_links":{"self":[{"href":"https:\/\/feuerwehr-helmstedt.de\/index.php?rest_route=\/wp\/v2\/pages\/9648","targetHints":{"allow":["GET"]}}],"collection":[{"href":"https:\/\/feuerwehr-helmstedt.de\/index.php?rest_route=\/wp\/v2\/pages"}],"about":[{"href":"https:\/\/feuerwehr-helmstedt.de\/index.php?rest_route=\/wp\/v2\/types\/page"}],"author":[{"embeddable":true,"href":"https:\/\/feuerwehr-helmstedt.de\/index.php?rest_route=\/wp\/v2\/users\/1"}],"replies":[{"embeddable":true,"href":"https:\/\/feuerwehr-helmstedt.de\/index.php?rest_route=%2Fwp%2Fv2%2Fcomments&post=9648"}],"version-history":[{"count":87,"href":"https:\/\/feuerwehr-helmstedt.de\/index.php?rest_route=\/wp\/v2\/pages\/9648\/revisions"}],"predecessor-version":[{"id":10555,"href":"https:\/\/feuerwehr-helmstedt.de\/index.php?rest_route=\/wp\/v2\/pages\/9648\/revisions\/10555"}],"wp:attachment":[{"href":"https:\/\/feuerwehr-helmstedt.de\/index.php?rest_route=%2Fwp%2Fv2%2Fmedia&parent=9648"}],"curies":[{"name":"wp","href":"https:\/\/api.w.org\/{rel}","templated":true}]}}