{"id":379,"date":"2024-05-13T10:43:59","date_gmt":"2024-05-13T08:43:59","guid":{"rendered":"http:\/\/wordpress.feuerwehr-helmstedt.de\/?p=379"},"modified":"2025-12-07T19:59:22","modified_gmt":"2025-12-07T18:59:22","slug":"foerderverein-he","status":"publish","type":"page","link":"https:\/\/feuerwehr-helmstedt.de\/?page_id=379","title":{"rendered":"F\u00f6rderverein"},"content":{"rendered":"\n<h1 class=\"wp-block-heading\">F\u00f6rderverein Ortsfeuerwehr Helmstedt e.V.<\/h1>\n\n\n\n<div class=\"wp-block-media-text is-stacked-on-mobile\"><figure class=\"wp-block-media-text__media\"><img decoding=\"async\" width=\"675\" height=\"1024\" src=\"https:\/\/feuerwehr-helmstedt.de\/wp-content\/uploads\/2024\/05\/PHOTO-2024-03-21-10-09-09-675x1024.png\" alt=\"\" class=\"wp-image-9639 size-full\" srcset=\"https:\/\/feuerwehr-helmstedt.de\/wp-content\/uploads\/2024\/05\/PHOTO-2024-03-21-10-09-09-675x1024.png 675w, https:\/\/feuerwehr-helmstedt.de\/wp-content\/uploads\/2024\/05\/PHOTO-2024-03-21-10-09-09-198x300.png 198w, https:\/\/feuerwehr-helmstedt.de\/wp-content\/uploads\/2024\/05\/PHOTO-2024-03-21-10-09-09-768x1165.png 768w, https:\/\/feuerwehr-helmstedt.de\/wp-content\/uploads\/2024\/05\/PHOTO-2024-03-21-10-09-09-1012x1536.png 1012w, https:\/\/feuerwehr-helmstedt.de\/wp-content\/uploads\/2024\/05\/PHOTO-2024-03-21-10-09-09.png 1019w\" sizes=\"(max-width: 675px) 100vw, 675px\" \/><\/figure><div class=\"wp-block-media-text__content\">\n<p>Der Verein ist eine Solidargemeinschaft der Ortsfeuerwehr Helmstedt sowie privater G\u00f6nner und F\u00f6rderer der Feuerwehr. Ziel des Vereins ist die finanzielle Unterst\u00fctzung der Kameradschaft der Feuerwehr. Der Verein unterst\u00fctzt alle Abteilungen und alle Abteilungen sind im Vorstand stimmberechtigt vertreten. Der Eintritt in den Verein ist freiwillig. Der aktuelle Jahresbeitrag pro Mitgliedschaft liegt gem\u00e4\u00df Beschluss der ersten Mitgliederversammlung vom 12.03.2024 bei 45,00 Euro im Kalenderjahr. Verg\u00fcnstigungen oder Familienmitgliedschaften sind aktuell nicht vorgesehen.&nbsp;Als gemeinn\u00fctziger, eingetragener Verein, ist dieser auch berechtigt Spendenquittungen auszuf\u00fcllen.&nbsp;<\/p>\n\n\n\n<p>Wenn Sie die Ortsfeuerwehr Helmstedt weiterhin unterst\u00fctzten m\u00f6chte, haben sie unter dem folgenden Link die M\u00f6glichkeit sich im Verein anzumelden. Wir z\u00e4hlen auf Sie und m\u00f6chten uns an dieser Stelle f\u00fcr Ihr bisheriges Engagement bedanken! Der Mindestjahresbeitrag des Vereins liegt aktuell bei 45,00 Euro im Kalenderjahr:\u00a0<a href=\"https:\/\/easyverein.com\/public\/FVFFHEeV\/applicationform\/\" target=\"_blank\" rel=\"noreferrer noopener\">Online-Anmeldeformular<\/a>.\u00a0Die Satzung ist\u00a0<a href=\"https:\/\/feuerwehr-helmstedt.de\/wp-content\/uploads\/2025\/12\/Satzung_Foerderverein_Freiwillige_Feuerwehr_Helmstedt.pdf\" target=\"_blank\" rel=\"noreferrer noopener\">hier\u00a0<\/a>einzusehen.<\/p>\n\n\n\n<p>Der Vereinsvorstand w\u00fcrde sich freuen, wenn Sie alle weiterhin der Ortsfeuerwehr Helmstedt treu bleiben und uns weiterhin unterst\u00fctzten w\u00fcrden. F\u00fcr R\u00fcckfragen stehen Ihnen die Mitglieder des Vorstandes gerne zur Verf\u00fcgung.<\/p>\n\n\n\n<p>Mit freundlichen Gr\u00fc\u00dfen<\/p>\n\n\n\n<p>Nikolas Walther (1. Vorsitzender),&nbsp;&nbsp;Jan Lachmann (2. Vorsitzender), Ralf Lachmann (Kassenwart), Sandra Karius (Schriftwartin)<\/p>\n\n\n\n<p><strong>Kontakt zum F\u00f6rderverein Ortsfeuerwehr Helmstedt e.V.<br><\/strong>Nordstra\u00dfe 36<br>38350 Helmstedt<br>Tel: 05351\/599256 (nicht st\u00e4ndig besetzt)<br>E-Mail:&nbsp;Vorstand@Foerderverein.Feuerwehr-Helmstedt.de<\/p>\n<\/div><\/div>\n\n\n\n<p><\/p>\n","protected":false},"excerpt":{"rendered":"<p>F\u00f6rderverein Ortsfeuerwehr Helmstedt e.V. Der Verein ist eine Solidargemeinschaft der Ortsfeuerwehr Helmstedt sowie privater G\u00f6nner und F\u00f6rderer der Feuerwehr. Ziel des Vereins ist die finanzielle Unterst\u00fctzung der Kameradschaft der Feuerwehr. Der Verein unterst\u00fctzt alle Abteilungen und alle Abteilungen sind im <a class=\"more-link\" href=\"https:\/\/feuerwehr-helmstedt.de\/?page_id=379\">weiterlesen&#8230;<\/a><\/p>\n","protected":false},"author":1,"featured_media":0,"parent":0,"menu_order":0,"comment_status":"closed","ping_status":"closed","template":"","meta":{"jetpack_post_was_ever_published":false,"footnotes":""},"class_list":["post-379","page","type-page","status-publish","hentry"],"jetpack_sharing_enabled":true,"_links":{"self":[{"href":"https:\/\/feuerwehr-helmstedt.de\/index.php?rest_route=\/wp\/v2\/pages\/379","targetHints":{"allow":["GET"]}}],"collection":[{"href":"https:\/\/feuerwehr-helmstedt.de\/index.php?rest_route=\/wp\/v2\/pages"}],"about":[{"href":"https:\/\/feuerwehr-helmstedt.de\/index.php?rest_route=\/wp\/v2\/types\/page"}],"author":[{"embeddable":true,"href":"https:\/\/feuerwehr-helmstedt.de\/index.php?rest_route=\/wp\/v2\/users\/1"}],"replies":[{"embeddable":true,"href":"https:\/\/feuerwehr-helmstedt.de\/index.php?rest_route=%2Fwp%2Fv2%2Fcomments&post=379"}],"version-history":[{"count":14,"href":"https:\/\/feuerwehr-helmstedt.de\/index.php?rest_route=\/wp\/v2\/pages\/379\/revisions"}],"predecessor-version":[{"id":10543,"href":"https:\/\/feuerwehr-helmstedt.de\/index.php?rest_route=\/wp\/v2\/pages\/379\/revisions\/10543"}],"wp:attachment":[{"href":"https:\/\/feuerwehr-helmstedt.de\/index.php?rest_route=%2Fwp%2Fv2%2Fmedia&parent=379"}],"curies":[{"name":"wp","href":"https:\/\/api.w.org\/{rel}","templated":true}]}}