{"id":146,"date":"2024-05-07T13:38:32","date_gmt":"2024-05-07T11:38:32","guid":{"rendered":"http:\/\/wordpress.feuerwehr-helmstedt.de\/?page_id=146"},"modified":"2026-02-24T09:16:01","modified_gmt":"2026-02-24T08:16:01","slug":"stadtfeuerwehr","status":"publish","type":"page","link":"https:\/\/feuerwehr-helmstedt.de\/","title":{"rendered":"Stadtfeuerwehr"},"content":{"rendered":"\n<p>Willkommen auf der Webseite der Feuerwehr Helmstedt. Die gesamte Feuerwehr Helmstedt besteht aus insgesamt f\u00fcnf Ortsfeuerwehren, welche den jeweiligen Ortsteilen der Stadt Helmstedt zugeordnet sind. Sie gliedern sich auf in die Ortsfeuerwehren Helmstedt, Emmerstedt, Barmke, B\u00fcddenstedt und Offleben-Reinsdorf. Im Jahr 2025 wurden durch die Feuerwehren der Stadt Helmstedt 520 Eins\u00e4tze abgearbeitet. Der Gro\u00dfteil, mit 321 Eins\u00e4tzen, entf\u00e4llt hierbei auf die Ortsfeuerwehr Helmstedt.<\/p>\n\n\n\n<p>Diverse Gefahrenschwerpunkte, wie zum Beispiel die BAB 2, ein Krankenhaus und Kraftwerk sowie diverse Industrie- und Gewerbegebiete, sind Grund f\u00fcr eine gut ausgestattete und ausgebildete Feuerwehr. <\/p>\n\n\n\n<p>\u00dcber das Men\u00fc gelangen Sie zu den einzelnen Ortsfeuerwehren mit ihren jeweiligen Inhalten.<\/p>\n\n\n\n<hr class=\"wp-block-separator has-alpha-channel-opacity\"\/>\n\n\n\n<p><\/p>\n\n\n\n<p><\/p>\n\n\n\n<h2 class=\"wp-block-heading\">Einsatzstatik f\u00fcr das gesamte Stadtgebiet<\/h2>\n\n\n<div class=\"visualizer-front-container\" id=\"chart_wrapper_visualizer-10816-526618543\"><style type=\"text\/css\" name=\"visualizer-custom-css\" id=\"customcss-visualizer-10816\">.locker,.locker-loader{position:absolute;top:0;left:0;width:100%;height:100%}.locker{z-index:1000;opacity:.8;background-color:#fff;-ms-filter:\"progid:DXImageTransform.Microsoft.Alpha(Opacity=80)\";filter:alpha(opacity=80)}.locker-loader{z-index:1001;background:url(https:\/\/feuerwehr-helmstedt.de\/wp-content\/plugins\/visualizer\/images\/ajax-loader.gif) no-repeat center center}.dt-button{display:none!important}.visualizer-front-container.visualizer-lazy-render{content-visibility: auto;}.google-visualization-controls-categoryfilter label.google-visualization-controls-label {vertical-align: middle;}.google-visualization-controls-categoryfilter li.goog-inline-block {margin: 0 0.2em;}.google-visualization-controls-categoryfilter li {padding: 0 0.2em;}.visualizer-front-container .dataTables_scrollHeadInner{margin: 0 auto;}<\/style><div id=\"visualizer-10816-526618543\" class=\"visualizer-front  visualizer-front-10816\"><\/div><!-- Not showing structured data for chart 10816 because title is empty --><\/div>\n","protected":false},"excerpt":{"rendered":"<p>Willkommen auf der Webseite der Feuerwehr Helmstedt. Die gesamte Feuerwehr Helmstedt besteht aus insgesamt f\u00fcnf Ortsfeuerwehren, welche den jeweiligen Ortsteilen der Stadt Helmstedt zugeordnet sind. Sie gliedern sich auf in die Ortsfeuerwehren Helmstedt, Emmerstedt, Barmke, B\u00fcddenstedt und Offleben-Reinsdorf. Im Jahr <a class=\"more-link\" href=\"https:\/\/feuerwehr-helmstedt.de\/\">weiterlesen&#8230;<\/a><\/p>\n","protected":false},"author":1,"featured_media":0,"parent":0,"menu_order":0,"comment_status":"closed","ping_status":"closed","template":"","meta":{"jetpack_post_was_ever_published":false,"footnotes":""},"class_list":["post-146","page","type-page","status-publish","hentry"],"jetpack_sharing_enabled":true,"_links":{"self":[{"href":"https:\/\/feuerwehr-helmstedt.de\/index.php?rest_route=\/wp\/v2\/pages\/146","targetHints":{"allow":["GET"]}}],"collection":[{"href":"https:\/\/feuerwehr-helmstedt.de\/index.php?rest_route=\/wp\/v2\/pages"}],"about":[{"href":"https:\/\/feuerwehr-helmstedt.de\/index.php?rest_route=\/wp\/v2\/types\/page"}],"author":[{"embeddable":true,"href":"https:\/\/feuerwehr-helmstedt.de\/index.php?rest_route=\/wp\/v2\/users\/1"}],"replies":[{"embeddable":true,"href":"https:\/\/feuerwehr-helmstedt.de\/index.php?rest_route=%2Fwp%2Fv2%2Fcomments&post=146"}],"version-history":[{"count":9,"href":"https:\/\/feuerwehr-helmstedt.de\/index.php?rest_route=\/wp\/v2\/pages\/146\/revisions"}],"predecessor-version":[{"id":10826,"href":"https:\/\/feuerwehr-helmstedt.de\/index.php?rest_route=\/wp\/v2\/pages\/146\/revisions\/10826"}],"wp:attachment":[{"href":"https:\/\/feuerwehr-helmstedt.de\/index.php?rest_route=%2Fwp%2Fv2%2Fmedia&parent=146"}],"curies":[{"name":"wp","href":"https:\/\/api.w.org\/{rel}","templated":true}]}}