{"id":108,"date":"2024-05-07T13:18:36","date_gmt":"2024-05-07T11:18:36","guid":{"rendered":"http:\/\/wordpress.feuerwehr-helmstedt.de\/?page_id=108"},"modified":"2025-01-03T23:23:02","modified_gmt":"2025-01-03T22:23:02","slug":"ortsfw-bueddenstedt","status":"publish","type":"page","link":"https:\/\/feuerwehr-helmstedt.de\/?page_id=108","title":{"rendered":"B\u00fcddenstedt"},"content":{"rendered":"\n<p>Unter diesem Men\u00fcpunkt finden Sie alle Informationen rund um die Ortsfeuerwehr B\u00fcddenstedt. Diese betreffen nur den Ortsteil B\u00fcddenstedt.<\/p>\n","protected":false},"excerpt":{"rendered":"<p>Unter diesem Men\u00fcpunkt finden Sie alle Informationen rund um die Ortsfeuerwehr B\u00fcddenstedt. Diese betreffen nur den Ortsteil B\u00fcddenstedt.<\/p>\n","protected":false},"author":1,"featured_media":0,"parent":0,"menu_order":0,"comment_status":"closed","ping_status":"closed","template":"","meta":{"jetpack_post_was_ever_published":false,"footnotes":""},"class_list":["post-108","page","type-page","status-publish","hentry"],"jetpack_sharing_enabled":true,"_links":{"self":[{"href":"https:\/\/feuerwehr-helmstedt.de\/index.php?rest_route=\/wp\/v2\/pages\/108","targetHints":{"allow":["GET"]}}],"collection":[{"href":"https:\/\/feuerwehr-helmstedt.de\/index.php?rest_route=\/wp\/v2\/pages"}],"about":[{"href":"https:\/\/feuerwehr-helmstedt.de\/index.php?rest_route=\/wp\/v2\/types\/page"}],"author":[{"embeddable":true,"href":"https:\/\/feuerwehr-helmstedt.de\/index.php?rest_route=\/wp\/v2\/users\/1"}],"replies":[{"embeddable":true,"href":"https:\/\/feuerwehr-helmstedt.de\/index.php?rest_route=%2Fwp%2Fv2%2Fcomments&post=108"}],"version-history":[{"count":3,"href":"https:\/\/feuerwehr-helmstedt.de\/index.php?rest_route=\/wp\/v2\/pages\/108\/revisions"}],"predecessor-version":[{"id":9848,"href":"https:\/\/feuerwehr-helmstedt.de\/index.php?rest_route=\/wp\/v2\/pages\/108\/revisions\/9848"}],"wp:attachment":[{"href":"https:\/\/feuerwehr-helmstedt.de\/index.php?rest_route=%2Fwp%2Fv2%2Fmedia&parent=108"}],"curies":[{"name":"wp","href":"https:\/\/api.w.org\/{rel}","templated":true}]}}